{"id":341,"date":"2021-05-24T19:39:15","date_gmt":"2021-05-24T19:39:15","guid":{"rendered":"https:\/\/webredox.net\/demo\/wp\/stukram\/light\/?page_id=341"},"modified":"2023-03-18T01:40:29","modified_gmt":"2023-03-18T00:40:29","slug":"services","status":"publish","type":"page","link":"https:\/\/captivis.sn\/index.php\/services\/","title":{"rendered":"Services"},"content":{"rendered":"<section class=\"wpb-content-wrapper\">[vc_row row_type=&#8221;main-section&#8221; stukram_section_layout=&#8221;section_grid&#8221; stukram_df_padding_top=&#8221;layout-pt-xl&#8221; stukram_df_padding_bottom=&#8221;layout-pb-lg&#8221; row_padding_top=&#8221;layout-pt-md&#8221; row_padding_bottom=&#8221;no-padding-bottom&#8221;][vc_column width=&#8221;6\/12&#8243;][wr_vc_section_heading featyretype=&#8221;st3&#8243; title=&#8221;Nous d\u00e9veloppons des solutions cr\u00e9atives&#8221; title2=&#8221;Services&#8221;][\/wr_vc_section_heading][\/vc_column][vc_column width=&#8221;6\/12&#8243;][wr_vc_section_context title2=&#8221;Captivis met \u00e0 votre disposition son savoir-faire depuis plus de 8 ans. Compos\u00e9e d\u2019une \u00e9quipe aux profils compl\u00e9mentaires, nous accompagnons nos clients dans la cr\u00e9ation de strat\u00e9gie et le design de marque. Avec plus de 500 projets \u00e0 notre actif, nous vous proposons des retours d\u2019exp\u00e9rience et une expertise certifi\u00e9e par nos partenaires. De\u0301couvrez point par point nos diffe\u0301rentes expertises.&#8221;][\/wr_vc_section_context][\/vc_column][\/vc_row][vc_row row_type=&#8221;main-section&#8221; stukram_section_layout=&#8221;section_grid&#8221; stukram_content_position_opt=&#8221;align-items-center&#8221; stukram_df_padding_top=&#8221;layout-pt-lg&#8221; stukram_df_padding_bottom=&#8221;layout-pb-lg&#8221; stukram_color_scheme=&#8221;bg-dark-1&#8243;][vc_column][wr_vc_services featyretype=&#8221;st2&#8243; icon_class=&#8221;eye&#8221; title=&#8221;Identit\u00e9 visuelle&#8221; title2=&#8221;Donnez une identit\u00e9 unique \u00e0 vos projets, une esth\u00e9tique originale et des couleurs qui vous ressemble.&#8221; image=&#8221;677&#8243; ratio=&#8221;3:4&#8243; df_parallax=&#8221;0.7&#8243; button_name=&#8221;En savoir plus&#8221; link_url=&#8221;https:\/\/captivis.sn\/index.php\/projets\/&#8221; animate_delay=&#8221;delay-1&#8243; scheme2=&#8221;-light&#8221;][wr_vc_service featyretype=&#8221;st2&#8243; title=&#8221;Cr\u00e9ation de logo&#8221;][wr_vc_service featyretype=&#8221;st2&#8243; title=&#8221;Direction artistique&#8221;][wr_vc_service featyretype=&#8221;st2&#8243; title=&#8221;Charte graphique&#8221;][wr_vc_service featyretype=&#8221;st2&#8243; title=&#8221;Packaging&#8221;][\/wr_vc_services][\/vc_column][\/vc_row][vc_row row_type=&#8221;main-section&#8221; stukram_section_layout=&#8221;section_grid&#8221; stukram_content_position_opt=&#8221;align-items-center&#8221; stukram_df_padding_top=&#8221;layout-pt-md&#8221; stukram_df_padding_bottom=&#8221;layout-pb-md&#8221; stukram_color_scheme=&#8221;bg-dark-1&#8243;][vc_column][wr_vc_services featyretype=&#8221;st2&#8243; icon_class=&#8221;printer&#8221; title=&#8221;Print &#8211; Edition&#8221; title2=&#8221;De la conception \u00e0 l\u2019impression de vos supports, nous prenons en charge la gestion de votre projet.&#8221; image=&#8221;678&#8243; position=&#8221;st2&#8243; ratio=&#8221;4:3&#8243; df_parallax=&#8221;0.7&#8243; button_name=&#8221;En savoir plus&#8221; link_url=&#8221;https:\/\/captivis.sn\/index.php\/projets\/&#8221; animate_delay=&#8221;delay-1&#8243; scheme2=&#8221;-light&#8221;][wr_vc_service featyretype=&#8221;st2&#8243; title=&#8221;Plaquettes&#8221;][wr_vc_service featyretype=&#8221;st2&#8243; title=&#8221;Rapport&#8221;][wr_vc_service featyretype=&#8221;st2&#8243; title=&#8221;Brochure&#8221;][wr_vc_service featyretype=&#8221;st2&#8243; title=&#8221;Flyers&#8221;][\/wr_vc_services][\/vc_column][\/vc_row][vc_row row_type=&#8221;main-section&#8221; stukram_section_layout=&#8221;section_grid&#8221; stukram_content_position_opt=&#8221;align-items-center&#8221; stukram_df_padding_top=&#8221;layout-pt-lg&#8221; stukram_df_padding_bottom=&#8221;layout-pb-lg&#8221; stukram_color_scheme=&#8221;bg-dark-1&#8243;][vc_column][wr_vc_services featyretype=&#8221;st2&#8243; icon_class=&#8221;globe&#8221; title=&#8221;Digital &#8211; Web&#8221; title2=&#8221;Nous vous aidons dans la cr\u00e9ation de l\u2019ergonomie de vos sites et applications afin de faciliter aux utilisateurs le parcours client.&#8221; image=&#8221;680&#8243; df_parallax=&#8221;0.7&#8243; button_name=&#8221;En savoir plus&#8221; link_url=&#8221;https:\/\/captivis.sn\/index.php\/projets\/&#8221; animate_delay=&#8221;delay-1&#8243; scheme2=&#8221;-light&#8221;][wr_vc_service featyretype=&#8221;st2&#8243; title=&#8221;Application mobile&#8221;][wr_vc_service featyretype=&#8221;st2&#8243; title=&#8221;Site web&#8221;][wr_vc_service featyretype=&#8221;st2&#8243; title=&#8221;G\u00e9nie logiciel&#8221;][wr_vc_service featyretype=&#8221;st2&#8243; title=&#8221;Accompagnement digital (r\u00e9seaux sociaux)&#8221;][\/wr_vc_services][\/vc_column][\/vc_row][vc_row row_type=&#8221;main-section&#8221; stukram_section_layout=&#8221;section_grid&#8221; stukram_df_padding_top=&#8221;layout-pt-lg&#8221; stukram_df_padding_bottom=&#8221;layout-pb-lg&#8221; stukram_anim_wrap2=&#8221;data-anim-wrap&#8221;][vc_column width=&#8221;6\/12&#8243;][wr_vc_section_heading title=&#8221;Nous construisons des exp\u00e9riences modernes&#8221; title2=&#8221;Nos comp\u00e9tences&#8221; title3=&#8221;Nous d\u00e9finissons et mettons en valeur ce qui vous diff\u00e9rencie pour donner \u00e0 vos projets une personnalit\u00e9 unique et vous permettre de tisser un lien avec votre audience.&#8221; scheme=&#8221;-black&#8221; scheme2=&#8221;-black&#8221; screen=&#8221;-md&#8221; df_con_mrg=&#8221;mt-24&#8243;][\/wr_vc_section_heading][\/vc_column][vc_column width=&#8221;1\/12&#8243;][\/vc_column][vc_column width=&#8221;5\/12&#8243;][wr_vc_progress][wr_vc_progres title=&#8221;Image de marque&#8221; title2=&#8221;83&#8243; scheme2=&#8221;-black&#8221;][wr_vc_progres title=&#8221;Application Mobile&#8221; title2=&#8221;70&#8243; scheme2=&#8221;-black&#8221;][wr_vc_progres title=&#8221;Brochure&#8221; title2=&#8221;90&#8243; scheme2=&#8221;-black&#8221;][wr_vc_progres title=&#8221;Packaging&#8221; title2=&#8221;89&#8243; scheme2=&#8221;-black&#8221;][\/wr_vc_progress][\/vc_column][\/vc_row][vc_row row_type=&#8221;main-section&#8221; stukram_section_layout=&#8221;section_grid&#8221; stukram_content_position_opt=&#8221;justify-content-center text-center&#8221; stukram_df_padding_top=&#8221;layout-pt-lg&#8221; stukram_df_padding_bottom=&#8221;layout-pb-lg&#8221; stukram_background_img=&#8221;611&#8243; stukram_background_parallaxx=&#8221;st2&#8243; stukram_background_index=&#8221;Z-5&#8243; stukram_class_layout_z=&#8221;z-3&#8243; stukram_class_layout_zindex=&#8221;z-5&#8243;][vc_column][wr_vc_section_heading featyretype=&#8221;st4&#8243; title=&#8221;Vous avez un projet que vous souhaitez d\u00e9velopper ?&#8221; title2=&#8221;Nous contacter&#8221; title3=&#8221;Petit ou grand projet, nous sommes \u00e0 votre disposition !&#8221; button_name=&#8221;Ecrivez-nous&#8221; link_url=&#8221;https:\/\/webredox.net\/demo\/wp\/stukram\/light\/contact\/&#8221; scheme=&#8221;-light&#8221; scheme2=&#8221;-white&#8221; button_style=&#8221;-white text-black&#8221;][\/wr_vc_section_heading][\/vc_column][\/vc_row]\n<\/section>","protected":false},"excerpt":{"rendered":"<p>[vc_row row_type=&#8221;main-section&#8221; stukram_section_layout=&#8221;section_grid&#8221; stukram_df_padding_top=&#8221;layout-pt-xl&#8221; stukram_df_padding_bottom=&#8221;layout-pb-lg&#8221; row_padding_top=&#8221;layout-pt-md&#8221; row_padding_bottom=&#8221;no-padding-bottom&#8221;][vc_column width=&#8221;6\/12&#8243;][wr_vc_section_heading featyretype=&#8221;st3&#8243; title=&#8221;Nous d\u00e9veloppons des solutions cr\u00e9atives&#8221; title2=&#8221;Services&#8221;][\/wr_vc_section_heading][\/vc_column][vc_column width=&#8221;6\/12&#8243;][wr_vc_section_context title2=&#8221;Captivis met \u00e0 votre disposition son&#8230;<\/p>\n","protected":false},"author":1,"featured_media":0,"parent":0,"menu_order":0,"comment_status":"closed","ping_status":"closed","template":"","meta":{"footnotes":""},"class_list":["post-341","page","type-page","status-publish","hentry"],"aioseo_notices":[],"_links":{"self":[{"href":"https:\/\/captivis.sn\/index.php\/wp-json\/wp\/v2\/pages\/341","targetHints":{"allow":["GET"]}}],"collection":[{"href":"https:\/\/captivis.sn\/index.php\/wp-json\/wp\/v2\/pages"}],"about":[{"href":"https:\/\/captivis.sn\/index.php\/wp-json\/wp\/v2\/types\/page"}],"author":[{"embeddable":true,"href":"https:\/\/captivis.sn\/index.php\/wp-json\/wp\/v2\/users\/1"}],"replies":[{"embeddable":true,"href":"https:\/\/captivis.sn\/index.php\/wp-json\/wp\/v2\/comments?post=341"}],"version-history":[{"count":15,"href":"https:\/\/captivis.sn\/index.php\/wp-json\/wp\/v2\/pages\/341\/revisions"}],"predecessor-version":[{"id":791,"href":"https:\/\/captivis.sn\/index.php\/wp-json\/wp\/v2\/pages\/341\/revisions\/791"}],"wp:attachment":[{"href":"https:\/\/captivis.sn\/index.php\/wp-json\/wp\/v2\/media?parent=341"}],"curies":[{"name":"wp","href":"https:\/\/api.w.org\/{rel}","templated":true}]}}